{"id":3954,"date":"2026-03-02T00:08:43","date_gmt":"2026-03-02T05:08:43","guid":{"rendered":"https:\/\/mipatologadelhabla.com\/?post_type=product&#038;p=3954"},"modified":"2026-03-10T22:07:15","modified_gmt":"2026-03-11T02:07:15","slug":"enfoque-de-ciclos-posteriorizacion","status":"publish","type":"product","link":"https:\/\/mipatologadelhabla.com\/es\/product\/enfoque-de-ciclos-posteriorizacion\/","title":{"rendered":"Enfoque de Ciclos Posteriorizaci\u00f3n"},"content":{"rendered":"<p><b>Descripci\u00f3n<\/b><\/p>\n<p><span style=\"font-weight: 400;\">Enfoque de Ciclos Posteriorizaci\u00f3n \/n\/ o Spanish Cycles Approach Backing\u00a0IMPRIMIBLE\u00a0+\u00a0BOOM CARDS CON AUDIO\u00a0es un recurso\u00a0basado en evidencia\u00a0que le provee lo necesario para trabajar este patr\u00f3n fonol\u00f3gico en participantes con trastornos fonol\u00f3gicos severos-profundos en terapia del habla (Spanish Phonological Processes or Speech Sound Disorders in Spanish).<\/span><\/p>\n<p><b>\u00bfESTE RECURSO ES PARA M\u00cd? DESC\u00daBRELO AQU\u00cd:<\/b><\/p>\n<p><b>\u00bfA qui\u00e9n est\u00e1 dirigido?<\/b><span style=\"font-weight: 400;\"><br \/>\n<\/span><span style=\"font-weight: 400;\">A profesionales y especialistas del habla-lenguaje:<\/span><span style=\"font-weight: 400;\"><br \/>\n<\/span><span style=\"font-weight: 400;\">\u2728<\/span><span style=\"font-weight: 400;\">Pat\u00f3logas del Habla-Lenguaje (SLP\/PHL)<\/span><span style=\"font-weight: 400;\"><br \/>\n<\/span><span style=\"font-weight: 400;\">\u2728<\/span><span style=\"font-weight: 400;\">Terapeutas del Habla-Lenguaje (SLPA\/THL)<\/span><\/p>\n<p><b>\u00bfQu\u00e9 tipo de participantes se benefician m\u00e1s de este enfoque?<\/b><b><br \/>\n<\/b><span style=\"font-weight: 400;\">Este recurso ha sido dise\u00f1ado espec\u00edficamente para participantes entre 2.5 y 14 a\u00f1os de edad con las siguientes caracter\u00edsticas:<\/span><span style=\"font-weight: 400;\"><br \/>\n<\/span><span style=\"font-weight: 400;\">\u2705<\/span><span style=\"font-weight: 400;\"> Diagn\u00f3stico severo a profundo de trastornos fonol\u00f3gicos<\/span><span style=\"font-weight: 400;\"><br \/>\n<\/span><span style=\"font-weight: 400;\">\u2705<\/span><span style=\"font-weight: 400;\"> Omisiones frecuentes o extensas de sonidos<\/span><span style=\"font-weight: 400;\"><br \/>\n<\/span><span style=\"font-weight: 400;\">\u2705<\/span><span style=\"font-weight: 400;\"> Sustituciones m\u00faltiples o significativas de sonidos<\/span><span style=\"font-weight: 400;\"><br \/>\n<\/span><span style=\"font-weight: 400;\">\u2705<\/span><span style=\"font-weight: 400;\"> M\u00faltiples patrones fonol\u00f3gicos deficientes<\/span><span style=\"font-weight: 400;\"><br \/>\n<\/span><span style=\"font-weight: 400;\">\u2705<\/span><span style=\"font-weight: 400;\"> Altamente ininteligibles<\/span><span style=\"font-weight: 400;\"><br \/>\n<\/span><span style=\"font-weight: 400;\">\u2705<\/span><span style=\"font-weight: 400;\"> Uso limitado de consonantes<\/span><span style=\"font-weight: 400;\"><br \/>\n<\/span><span style=\"font-weight: 400;\">\u2705<\/span><span style=\"font-weight: 400;\"> Frustraci\u00f3n por progreso lento en terapia<\/span><span style=\"font-weight: 400;\"><br \/>\n<\/span><span style=\"font-weight: 400;\">\u2705<\/span><span style=\"font-weight: 400;\"> Necesidad cr\u00edtica de mejorar la inteligibilidad para prepararse para la etapa escolar<\/span><\/p>\n<p><span style=\"font-weight: 400;\">\u2705<\/span><span style=\"font-weight: 400;\"> Necesidad urgente de desarrollar un sistema fonol\u00f3gico de manera r\u00e1pida, fundamentada y lo m\u00e1s naturalmente posible.<\/span><\/p>\n<p><b>\u00bfC\u00f3mo este recurso facilitar\u00e1 mis terapias?<\/b><span style=\"font-weight: 400;\"><br \/>\n<\/span><span style=\"font-weight: 400;\">Tendr\u00e1s acceso a todo lo que necesitas para comenzar a aplicarlo de forma inmediata y efectiva:<\/span><span style=\"font-weight: 400;\"><br \/>\n<\/span><span style=\"font-weight: 400;\">\u23f3<\/span><span style=\"font-weight: 400;\">Fundamentos te\u00f3ricos explicados de forma pr\u00e1ctica<\/span><span style=\"font-weight: 400;\"><br \/>\n<\/span><span style=\"font-weight: 400;\">\u26cf\ufe0f<\/span><span style=\"font-weight: 400;\">Gu\u00eda clara con todos los materiales necesarios<\/span><\/p>\n<p><span style=\"font-weight: 400;\">\u25b6\ufe0fInstrucciones del paso a paso implementar<\/span><\/p>\n<p><span style=\"font-weight: 400;\">\u270f\ufe0f<\/span><span style=\"font-weight: 400;\">Materiales listos para cada paso del enfoque<\/span><span style=\"font-weight: 400;\"><br \/>\n<\/span><span style=\"font-weight: 400;\">\u26a1<\/span><span style=\"font-weight: 400;\">Audios para amplificaci\u00f3n auditiva<\/span><span style=\"font-weight: 400;\"><br \/>\n<\/span><span style=\"font-weight: 400;\">\u270d\ufe0f<\/span><span style=\"font-weight: 400;\">Tareas para pr\u00e1ctica en el hogar<\/span><span style=\"font-weight: 400;\"><br \/>\n<\/span><span style=\"font-weight: 400;\">\u2699\ufe0f<\/span><span style=\"font-weight: 400;\">Manual adjunto de conciencia fonol\u00f3gica<\/span><\/p>\n<p><span style=\"font-weight: 400;\">El\u00a0manual\u00a0a implementar en intervenci\u00f3n terap\u00e9utica le ofrece informaci\u00f3n comprensiva sobre lo que es el enfoque de ciclos, y m\u00e1s importante a\u00fan, c\u00f3mo implementar paso a paso este enfoque en terapia. Se provee una\u00a0gu\u00eda de materiales\u00a0necesarios a utilizar por cada paso. Tendr\u00e1 acceso a\u00a0est\u00edmulos auditivos,\u00a0tarjetas\u00a0para integrar en actividades,\u00a0tarjetas de palabras estimulables, 14\u00a0actividades interactivas\u00a0y\u00a0actividades de conciencia fonol\u00f3gica\u00a0por niveles. Obtendr\u00e1 la\u00a0versi\u00f3n a color\u00a0+ la\u00a0versi\u00f3n en blanco y negro\u00a0+ la\u00a0versi\u00f3n de boom cards con audio.<\/span><\/p>\n<p><b>IMPRIMIBLE INCLUYE + DESTREZAS:<\/b><\/p>\n<p><span style=\"font-weight: 400;\">Enfoque de Ciclos: Posteriorizaci\u00f3n \/n\/<\/span><\/p>\n<ul>\n<li><span style=\"font-weight: 400;\"> Manual a Implementar en Intervenci\u00f3n Terap\u00e9utica<\/span><\/li>\n<li><span style=\"font-weight: 400;\"> Gu\u00eda de Materiales<\/span><\/li>\n<li><span style=\"font-weight: 400;\"> Bibliograf\u00eda<\/span><\/li>\n<li><span style=\"font-weight: 400;\"> Tarjetas 2.5\u201dx2.5\u201d<\/span><\/li>\n<li><span style=\"font-weight: 400;\"> Tarjetas 2\u201dx2\u201d<\/span><\/li>\n<li><span style=\"font-weight: 400;\"> Claves Fon\u00e9ticas-Visuales<\/span><\/li>\n<li><span style=\"font-weight: 400;\"> 20 Est\u00edmulos Auditivos<\/span><\/li>\n<li><span style=\"font-weight: 400;\"> Palabras Estimulables: Tarjetas 5\u201dx8\u201d<\/span><\/li>\n<li><span style=\"font-weight: 400;\"> 14 Actividades Interactivas<\/span><\/li>\n<li><span style=\"font-weight: 400;\"> Conciencia de la S\u00edlaba<\/span><\/li>\n<li><span style=\"font-weight: 400;\"> Conciencia Intrasil\u00e1bica<\/span><\/li>\n<li><span style=\"font-weight: 400;\"> Conciencia del Fonema<\/span><\/li>\n<li><span style=\"font-weight: 400;\"> Tarea para el Hogar<\/span><\/li>\n<\/ul>\n<p>&nbsp;<\/p>\n<p><b>BOOM CARDS<\/b><\/p>\n<p><span style=\"font-weight: 400;\">Incluyen:<\/span><\/p>\n<ol>\n<li><span style=\"font-weight: 400;\"> 20 palabras y AUDIO<\/span><\/li>\n<li><span style=\"font-weight: 400;\"> Claves visuales y ortogr\u00e1ficas<\/span><\/li>\n<li><span style=\"font-weight: 400;\"> L\u00e1minas movibles y para presionar<\/span><\/li>\n<li><span style=\"font-weight: 400;\"> Formato para escribir y dibujar<\/span><\/li>\n<li><span style=\"font-weight: 400;\"> Formato para presionar y descubrir<\/span><\/li>\n<li><span style=\"font-weight: 400;\"> Formato para grabar y escuchar verbalizaciones<\/span><\/li>\n<\/ol>\n<p><span style=\"font-weight: 400;\">Destrezas:<\/span><\/p>\n<ol>\n<li><span style=\"font-weight: 400;\"> Estimulaci\u00f3n auditiva<\/span><\/li>\n<li><span style=\"font-weight: 400;\"> Imitaci\u00f3n y producci\u00f3n de palabras<\/span><\/li>\n<li><span style=\"font-weight: 400;\"> Discriminaci\u00f3n visual y auditiva<\/span><\/li>\n<li><span style=\"font-weight: 400;\"> Discriminaci\u00f3n y producci\u00f3n de sonidos<\/span><\/li>\n<li><span style=\"font-weight: 400;\"> Memoria visual y auditiva<\/span><\/li>\n<li><span style=\"font-weight: 400;\"> Conciencia de la s\u00edlaba, intrasil\u00e1bica y del fonema<\/span><\/li>\n<\/ol>\n<p>&nbsp;<\/p>\n<p><b>T\u00c9RMINOS Y CONDICIONES DE USO:<\/b><\/p>\n<p><span style=\"font-weight: 400;\">\u2727<\/span><span style=\"font-weight: 400;\">Los derechos de autor de este producto corresponden a\u00a0<\/span><a href=\"https:\/\/mipatologadelhabla.com\/es\/\"><span style=\"font-weight: 400;\">\u00a9Mi Pat\u00f3loga del Habla LLC<\/span><\/a><span style=\"font-weight: 400;\">.\u00a0<\/span><\/p>\n<p><b>\u2727<\/b><b> ESTE PRODUCTO ES PARA <\/b><b><i>USO INDIVIDUAL<\/i><\/b><b>, POR LO QUE <\/b><b><i>EST\u00c1 PROHIBIDO COMPARTIR (impreso, digital, email), COPIAR, REVENDER o REPRESENTAR<\/i><\/b><b> ESTE PRODUCTO COMO SUYO.<\/b><\/p>\n<p>&nbsp;<\/p>\n<p><b>INFORMACI\u00d3N IMPORTANTE:<\/b><\/p>\n<p><span style=\"font-weight: 400;\">\u2705 <\/span><span style=\"font-weight: 400;\">Recuerde ver las im\u00e1genes y leer la descripci\u00f3n incluida en este recurso para m\u00e1s detalles sobre el mismo.<\/span><\/p>\n<p><span style=\"font-weight: 400;\">\u2705<\/span><span style=\"font-weight: 400;\">Queda a discreci\u00f3n del comprador evaluar la compra de este recurso para sus prop\u00f3sitos.<\/span><\/p>\n<p><span style=\"font-weight: 400;\"><br \/>\n<\/span><b>\u00bfQU\u00c9 SON BOOM CARDS?:<\/b><\/p>\n<p><span style=\"font-weight: 400;\">\u2733\ufe0f<\/span><span style=\"font-weight: 400;\">Las Boom Cards son tarjetas digitales interactivas que se utilizan en la plataforma de Boom Learning.<\/span><\/p>\n<p><span style=\"font-weight: 400;\">\u2733\ufe0f<\/span><span style=\"font-weight: 400;\">Debe tener conexi\u00f3n al internet para utilizar las Boom Cards.<\/span><\/p>\n<p><span style=\"font-weight: 400;\">\u2733\ufe0f<\/span><span style=\"font-weight: 400;\">\u00a1No necesita imprimir, recortar o laminar!<\/span><\/p>\n<p><span style=\"font-weight: 400;\">\u2733\ufe0f<\/span><span style=\"font-weight: 400;\">Puede utilizarlas en computadoras, tabletas o \u201csmartboards\u201d.<\/span><\/p>\n<p><span style=\"font-weight: 400;\">\u2733\ufe0f<\/span><span style=\"font-weight: 400;\">El participante recibe retroalimentaci\u00f3n visual y auditiva inmediata acorde a sus respuestas.<\/span><\/p>\n<p><span style=\"font-weight: 400;\">\u2733\ufe0f<\/span><span style=\"font-weight: 400;\">Para utilizar las Boom Cards debe tener una cuenta gratuita en Boom Learning (m\u00e1s servicios disponibles con otras subcripciones).<\/span><\/p>\n<p>&nbsp;<\/p>\n<p><b>ANTE DUDAS O PREGUNTAS:<\/b><span style=\"font-weight: 400;\">\u00a0Escr\u00edbanos a\u00a0<\/span><a href=\"mailto:info@mipatologadelhabla.com\"><span style=\"font-weight: 400;\">info@mipatologadelhabla.com<\/span><\/a><\/p>\n<p><b>ACOMP\u00c1\u00d1AME EN NUESTRAS REDES SOCIALES PARA M\u00c1S:<\/b><\/p>\n<p><span style=\"font-weight: 400;\">\u2b50<\/span><a href=\"https:\/\/www.facebook.com\/mipatologadelhabla\/\"><span style=\"font-weight: 400;\">FACEBOOK<\/span><\/a><\/p>\n<p><span style=\"font-weight: 400;\">\u2b50<\/span><a href=\"https:\/\/www.instagram.com\/mipatologadelhabla\/\"><span style=\"font-weight: 400;\">INSTAGRAM<\/span><\/a><\/p>\n<p><span style=\"font-weight: 400;\">\u2b50<\/span><a href=\"https:\/\/www.pinterest.com\/mipatologadelhabla\/\"><span style=\"font-weight: 400;\">PINTEREST<\/span><\/a><\/p>\n<p>&nbsp;<\/p>\n<p><b>OTROS RECURSOS ASOCIADOS QUE PUEDEN SER DE SU INTER\u00c9S:<\/b><\/p>\n<ul>\n<li><i><span style=\"font-weight: 400;\">Aqu\u00ed pueden ir enlaces que llevan a otros productos.<\/span><\/i><\/li>\n<\/ul>\n<p>&nbsp;<\/p>\n<p><span style=\"font-weight: 400;\">\u00a1Buena Vibra y Buena Onda!<\/span><\/p>\n<p><span style=\"font-weight: 400;\">Zoan Guti\u00e9rrez-Ruiz, M.S., CCC-SLP<\/span><\/p>\n<p><a href=\"https:\/\/mipatologadelhabla.com\/es\/\"><span style=\"font-weight: 400;\">\u00a9Mi Pat\u00f3loga del Habla LLC<\/span><\/a><\/p>\n<p>&nbsp;<\/p>","protected":false},"excerpt":{"rendered":"<p>Descripci\u00f3n Enfoque de Ciclos Posteriorizaci\u00f3n \/n\/ o Spanish Cycles Approach Backing\u00a0IMPRIMIBLE\u00a0+\u00a0BOOM CARDS CON AUDIO\u00a0es un recurso\u00a0basado en evidencia\u00a0que le provee lo necesario para trabajar este patr\u00f3n fonol\u00f3gico en participantes con trastornos fonol\u00f3gicos severos-profundos en terapia del habla (Spanish Phonological Processes or Speech Sound Disorders in Spanish). \u00bfESTE RECURSO ES PARA M\u00cd? DESC\u00daBRELO AQU\u00cd: \u00bfA qui\u00e9n [&#8230;]\n","protected":false},"featured_media":3955,"template":"","meta":{"_editorskit_title_hidden":false,"_editorskit_reading_time":0,"_editorskit_is_block_options_detached":false,"_editorskit_block_options_position":"{}","slim_seo":{"title":"Enfoque de Ciclos Posteriorizaci\u00f3n - Mi Pat\u00f3loga del Habla","description":"Descripci\u00f3n Enfoque de Ciclos Posteriorizaci\u00f3n \/n\/ o Spanish Cycles Approach Backing\u00a0IMPRIMIBLE\u00a0+\u00a0BOOM CARDS CON AUDIO\u00a0es un recurso\u00a0basado en evidencia\u00a0que le"}},"product_brand":[],"product_cat":[281],"product_tag":[],"class_list":{"0":"post-3954","1":"product","2":"type-product","3":"status-publish","4":"has-post-thumbnail","6":"product_cat-productos-digitales","8":"first","9":"instock","10":"downloadable","11":"virtual","12":"taxable","13":"purchasable","14":"product-type-simple"},"_links":{"self":[{"href":"https:\/\/mipatologadelhabla.com\/es\/wp-json\/wp\/v2\/product\/3954","targetHints":{"allow":["GET"]}}],"collection":[{"href":"https:\/\/mipatologadelhabla.com\/es\/wp-json\/wp\/v2\/product"}],"about":[{"href":"https:\/\/mipatologadelhabla.com\/es\/wp-json\/wp\/v2\/types\/product"}],"wp:featuredmedia":[{"embeddable":true,"href":"https:\/\/mipatologadelhabla.com\/es\/wp-json\/wp\/v2\/media\/3955"}],"wp:attachment":[{"href":"https:\/\/mipatologadelhabla.com\/es\/wp-json\/wp\/v2\/media?parent=3954"}],"wp:term":[{"taxonomy":"product_brand","embeddable":true,"href":"https:\/\/mipatologadelhabla.com\/es\/wp-json\/wp\/v2\/product_brand?post=3954"},{"taxonomy":"product_cat","embeddable":true,"href":"https:\/\/mipatologadelhabla.com\/es\/wp-json\/wp\/v2\/product_cat?post=3954"},{"taxonomy":"product_tag","embeddable":true,"href":"https:\/\/mipatologadelhabla.com\/es\/wp-json\/wp\/v2\/product_tag?post=3954"}],"curies":[{"name":"wp","href":"https:\/\/api.w.org\/{rel}","templated":true}]}}