{"id":3126,"date":"2025-03-01T11:03:12","date_gmt":"2025-03-01T16:03:12","guid":{"rendered":"https:\/\/patologadelhabla.us12.cdn-alpha.com\/?post_type=product&#038;p=3126"},"modified":"2026-03-26T08:53:38","modified_gmt":"2026-03-26T12:53:38","slug":"consultas-virtuales-enfoque-de-ciclos-para-terapia-del-habla-lenguaje","status":"publish","type":"product","link":"https:\/\/mipatologadelhabla.com\/es\/product\/consultas-virtuales-enfoque-de-ciclos-para-terapia-del-habla-lenguaje\/","title":{"rendered":"Consultas virtuales: Enfoque de ciclos para terapia del habla-lenguaje"},"content":{"rendered":"<p><strong>Resolviendo dudas sobre la implementaci\u00f3n del enfoque de ciclos en terapia del habla-lenguaje<\/strong><\/p>\n<p><strong>Duraci\u00f3n:<\/strong> 30 minutos<\/p>\n<p>Estas consultas virtuales est\u00e1n dirigidas a pat\u00f3logas y terapeutas del habla-lenguaje que buscan apoyo especializado para implementar el enfoque de ciclos en el tratamiento de trastornos fonol\u00f3gicos. Cada sesi\u00f3n tiene como objetivo responder preguntas espec\u00edficas y ofrecer claridad en la aplicaci\u00f3n pr\u00e1ctica de este enfoque, ayud\u00e1ndote a optimizar los resultados de tus intervenciones terap\u00e9uticas.<\/p>\n<p><strong>Durante las consultas, podr\u00e1s abordar temas como:<\/strong><\/p>\n<p><img loading=\"lazy\" decoding=\"async\" class=\"aligncenter wp-image-3132 size-full\" src=\"https:\/\/mipatologadelhabla.com\/wp-content\/uploads\/2025\/03\/4-1.png\" alt=\"4 1\" width=\"1366\" height=\"768\" srcset=\"https:\/\/mipatologadelhabla.com\/wp-content\/uploads\/2025\/03\/4-1.png 1366w, https:\/\/mipatologadelhabla.com\/wp-content\/uploads\/2025\/03\/4-1-711x400.png 711w, https:\/\/mipatologadelhabla.com\/wp-content\/uploads\/2025\/03\/4-1-768x432.png 768w, https:\/\/mipatologadelhabla.com\/wp-content\/uploads\/2025\/03\/4-1-18x10.png 18w, https:\/\/mipatologadelhabla.com\/wp-content\/uploads\/2025\/03\/4-1-600x337.png 600w\" sizes=\"auto, (max-width: 1366px) 100vw, 1366px\" \/><img loading=\"lazy\" decoding=\"async\" class=\"aligncenter wp-image-3133 size-full\" src=\"https:\/\/mipatologadelhabla.com\/wp-content\/uploads\/2025\/03\/5-1.png\" alt=\"5 1\" width=\"1366\" height=\"768\" srcset=\"https:\/\/mipatologadelhabla.com\/wp-content\/uploads\/2025\/03\/5-1.png 1366w, https:\/\/mipatologadelhabla.com\/wp-content\/uploads\/2025\/03\/5-1-711x400.png 711w, https:\/\/mipatologadelhabla.com\/wp-content\/uploads\/2025\/03\/5-1-768x432.png 768w, https:\/\/mipatologadelhabla.com\/wp-content\/uploads\/2025\/03\/5-1-18x10.png 18w, https:\/\/mipatologadelhabla.com\/wp-content\/uploads\/2025\/03\/5-1-600x337.png 600w\" sizes=\"auto, (max-width: 1366px) 100vw, 1366px\" \/><\/p>\n<p>Estas sesiones personalizadas te ofrecen un entorno de confianza y profesional donde podr\u00e1s perfeccionar tu comprensi\u00f3n y aplicaci\u00f3n del enfoque de ciclos, fortaleciendo tus habilidades y seguridad en el proceso terap\u00e9utico.<\/p>\n<p>Por razones \u00e9ticas, no se discutir\u00e1n casos cl\u00ednicos espec\u00edficos ni se emitir\u00e1n recomendaciones de manejo individualizado.<\/p>\n<p><strong>Plataforma y Equipo<\/strong><\/p>\n<p>La consulta virtual se realizar\u00e1 a trav\u00e9s de la plataforma de Zoom. Para participar necesitar\u00e1 un dispositivo electr\u00f3nico (computadora, tableta o celular) con acceso a internet, c\u00e1mara y micr\u00f3fono integrado o auriculares. Para garantizar una experiencia \u00f3ptima, se recomienda asistir desde un lugar tranquilo, bien iluminado y libre de distracciones.<\/p>\n<p><strong>IMPORTANTE<\/strong><\/p>\n<p>Para agendar una consulta virtual, es necesario cumplir con al menos uno de los siguientes requisitos:<\/p>\n<ol>\n<li>Haber asistido a una conferencia o tomado un curso sobre el enfoque de ciclos.<\/li>\n<li>Haber adquirido y le\u00eddo uno de nuestros manuales del enfoque de ciclos.<\/li>\n<\/ol>\n<p><strong>\u00a1Hola, Hola!<\/strong><\/p>\n<p>Soy Zoan Guti\u00e9rrez Ruiz, M.S., CCC-SLP, pat\u00f3loga del habla-lenguaje con experiencia en Pennsylvania, Puerto Rico y South Carolina, tanto en escuelas y centros preescolares, as\u00ed como en oficina propia y cl\u00ednica interdisciplinaria. Como autora de recursos, me dedico a investigar y desarrollar materiales terap\u00e9uticos innovadores basados en evidencia. Estoy aqu\u00ed para brindarte las herramientas necesarias para implementar de manera efectiva el enfoque de ciclos en tus terapias. \u00a1Agenda tu cita y juntos dominemos el enfoque de ciclos!<\/p>","protected":false},"excerpt":{"rendered":"<p>Sesiones virtuales para aclarar dudas y optimizar la implementaci\u00f3n del enfoque de ciclos en terapia del habla-lenguaje.<\/p>","protected":false},"featured_media":3406,"template":"","meta":{"_editorskit_title_hidden":false,"_editorskit_reading_time":0,"_editorskit_is_block_options_detached":false,"_editorskit_block_options_position":"{}","slim_seo":{"title":"Consultas virtuales: Enfoque de ciclos para terapia del habla-lenguaje - Mi Pat\u00f3loga del Habla","description":"Sesiones virtuales para aclarar dudas y optimizar la implementaci\u00f3n del enfoque de ciclos en terapia del habla-lenguaje."}},"product_brand":[],"product_cat":[238],"product_tag":[],"class_list":{"0":"post-3126","1":"product","2":"type-product","3":"status-publish","4":"has-post-thumbnail","6":"product_cat-consultas-virtuales","8":"first","9":"instock","10":"virtual","11":"sold-individually","12":"taxable","13":"purchasable","14":"product-type-booking"},"_links":{"self":[{"href":"https:\/\/mipatologadelhabla.com\/es\/wp-json\/wp\/v2\/product\/3126","targetHints":{"allow":["GET"]}}],"collection":[{"href":"https:\/\/mipatologadelhabla.com\/es\/wp-json\/wp\/v2\/product"}],"about":[{"href":"https:\/\/mipatologadelhabla.com\/es\/wp-json\/wp\/v2\/types\/product"}],"wp:featuredmedia":[{"embeddable":true,"href":"https:\/\/mipatologadelhabla.com\/es\/wp-json\/wp\/v2\/media\/3406"}],"wp:attachment":[{"href":"https:\/\/mipatologadelhabla.com\/es\/wp-json\/wp\/v2\/media?parent=3126"}],"wp:term":[{"taxonomy":"product_brand","embeddable":true,"href":"https:\/\/mipatologadelhabla.com\/es\/wp-json\/wp\/v2\/product_brand?post=3126"},{"taxonomy":"product_cat","embeddable":true,"href":"https:\/\/mipatologadelhabla.com\/es\/wp-json\/wp\/v2\/product_cat?post=3126"},{"taxonomy":"product_tag","embeddable":true,"href":"https:\/\/mipatologadelhabla.com\/es\/wp-json\/wp\/v2\/product_tag?post=3126"}],"curies":[{"name":"wp","href":"https:\/\/api.w.org\/{rel}","templated":true}]}}