{"id":3904,"date":"2026-02-16T23:05:11","date_gmt":"2026-02-17T04:05:11","guid":{"rendered":"https:\/\/mipatologadelhabla.com\/?page_id=3904"},"modified":"2026-02-22T22:34:40","modified_gmt":"2026-02-23T03:34:40","slug":"politica-de-reembolso","status":"publish","type":"page","link":"https:\/\/mipatologadelhabla.com\/es\/politica-de-reembolso\/","title":{"rendered":"Pol\u00edtica de reembolso"},"content":{"rendered":"<p>\n\n\t<section class=\"section hide-for-small\" id=\"section_1278950058\">\n\t\t<div class=\"section-bg fill\" >\n\t\t\t\t\t\t\t\t\t\n\t\t\t\n\n\t\t<\/div>\n\n\t\t\n\n\t\t<div class=\"section-content relative\">\n\t\t\t\n\n\t<div class=\"img has-hover x md-x lg-x y md-y lg-y\" id=\"image_298343067\">\n\t\t\t\t\t\t\t\t<div class=\"img-inner dark\" >\n\t\t\t<img loading=\"lazy\" decoding=\"async\" width=\"1020\" height=\"160\" src=\"https:\/\/mipatologadelhabla.com\/wp-content\/uploads\/2026\/02\/Web-ajustado-1400x219.jpg\" class=\"attachment-large size-large\" alt=\"Web ajustado\" srcset=\"https:\/\/mipatologadelhabla.com\/wp-content\/uploads\/2026\/02\/Web-ajustado-1400x219.jpg 1400w, https:\/\/mipatologadelhabla.com\/wp-content\/uploads\/2026\/02\/Web-ajustado-800x125.jpg 800w, https:\/\/mipatologadelhabla.com\/wp-content\/uploads\/2026\/02\/Web-ajustado-768x120.jpg 768w, https:\/\/mipatologadelhabla.com\/wp-content\/uploads\/2026\/02\/Web-ajustado-1536x240.jpg 1536w, https:\/\/mipatologadelhabla.com\/wp-content\/uploads\/2026\/02\/Web-ajustado-18x3.jpg 18w, https:\/\/mipatologadelhabla.com\/wp-content\/uploads\/2026\/02\/Web-ajustado-600x94.jpg 600w, https:\/\/mipatologadelhabla.com\/wp-content\/uploads\/2026\/02\/Web-ajustado.jpg 1600w\" sizes=\"auto, (max-width: 1020px) 100vw, 1020px\" \/>\t\t\t\t\t\t\n\t\t\t\t\t<\/div>\n\t\t\t\t\t\t\t\t\n<style>\n#image_298343067 {\n  width: 100%;\n}\n<\/style>\n\t<\/div>\n\t\n\n\n\t\t<\/div>\n\n\t\t\n<style>\n#section_1278950058 {\n  padding-top: 30px;\n  padding-bottom: 30px;\n  min-height: 200px;\n}\n<\/style>\n\t<\/section>\n\t\n\n\t<section class=\"section show-for-small\" id=\"section_1916375831\">\n\t\t<div class=\"section-bg fill\" >\n\t\t\t<img loading=\"lazy\" decoding=\"async\" width=\"1600\" height=\"250\" src=\"https:\/\/mipatologadelhabla.com\/wp-content\/uploads\/2023\/12\/terminosdeusobannermobile.png\" class=\"bg attachment-original size-original\" alt=\"Terminosdeusobannermobile\" \/>\t\t\t\t\t\t\n\t\t\t\n\n\t\t<\/div>\n\n\t\t\n\n\t\t<div class=\"section-content relative\">\n\t\t\t\n\n\n\t\t<\/div>\n\n\t\t\n<style>\n#section_1916375831 {\n  padding-top: 30px;\n  padding-bottom: 30px;\n  min-height: 150px;\n}\n<\/style>\n\t<\/section>\n\t\n<div class=\"row\"  id=\"row-262471244\">\n\n\n\t<div id=\"col-1015481412\" class=\"col small-12 large-12\"  >\n\t\t\t\t<div class=\"col-inner\"  >\n\t\t\t\n\t\t\t\n\n<h3 style=\"text-align: justify;\"><span style=\"font-size: 100%;\">Productos digitales, cursos y consultas<\/span><\/h3>\n<p style=\"text-align: justify;\">Todos nuestros productos digitales (PDFs y recursos descargables), cursos y consultas no son reembolsables. Debido a la naturaleza digital de estos productos, una vez descargados o una vez que se ha otorgado acceso, no pueden devolverse. Te recomendamos revisar cuidadosamente la descripci\u00f3n de cada producto antes de completar tu compra.<\/p>\n<p style=\"text-align: justify;\">En casos excepcionales, podr\u00edamos considerar un reembolso parcial o completo para productos digitales, cursos o consultas si el contenido nunca fue descargado ni accedido, o si hubo un error evidente en la entrega del material. Cada solicitud se revisar\u00e1 de manera individual y podr\u00edamos solicitar informaci\u00f3n adicional para verificar la situaci\u00f3n.<\/p>\n<p style=\"text-align: justify;\">Si por alguna raz\u00f3n no puedes descargar o acceder al producto, escr\u00edbenos a <span style=\"color: #942579;\"><a style=\"color: #942579;\" href=\"mailto:info@mipatologadelhabla.com\">info@mipatologadelhabla.com<\/a><\/span> para asistirte.<\/p>\n<hr \/>\n<h3 style=\"text-align: justify;\"><span style=\"font-size: 100%;\">Productos f\u00edsicos y ropa<\/span><\/h3>\n<p style=\"text-align: justify;\">Aceptamos reembolsos o cambios \u00fanicamente en productos f\u00edsicos si el art\u00edculo llega da\u00f1ado o defectuoso. Para iniciar una solicitud, cont\u00e1ctanos dentro de los <strong>7 d\u00edas<\/strong> luego de recibido el pedido y env\u00edanos fotos claras del producto. Una vez recibida la evidencia, te enviaremos las instrucciones para continuar con el proceso. Revisaremos tu caso y, de ser aprobado, te ofreceremos un reemplazo o un reembolso, seg\u00fan corresponda.<\/p>\n<p style=\"text-align: justify;\"><strong>Toda venta de ropa es final.<\/strong> Te recomendamos consultar la gu\u00eda de tallas antes de realizar tu compra.<\/p>\n<hr \/>\n<h3 style=\"text-align: justify;\"><span style=\"font-size: 100%;\">Contacto<\/span><\/h3>\n<p style=\"text-align: justify;\">Para dudas o solicitudes relacionadas con reembolsos, escr\u00edbenos a: <span style=\"color: #942579;\"><a style=\"color: #942579;\" href=\"mailto:info@mipatologadelhabla.com\">info@mipatologadelhabla.com<\/a><\/span><\/p>\n<p class=\"ydp2382eedbMsoNormal\"><img loading=\"lazy\" decoding=\"async\" class=\"wp-image-3298 alignleft\" src=\"https:\/\/www.mipatologadelhabla.com\/wp-content\/uploads\/2025\/03\/httpsmipatologadelhabla.comesservicios.png\" alt=\"Httpsmipatologadelhabla.comesservicios\" width=\"302\" height=\"53\" srcset=\"https:\/\/mipatologadelhabla.com\/wp-content\/uploads\/2025\/03\/httpsmipatologadelhabla.comesservicios.png 797w, https:\/\/mipatologadelhabla.com\/wp-content\/uploads\/2025\/03\/httpsmipatologadelhabla.comesservicios-768x135.png 768w, https:\/\/mipatologadelhabla.com\/wp-content\/uploads\/2025\/03\/httpsmipatologadelhabla.comesservicios-18x3.png 18w, https:\/\/mipatologadelhabla.com\/wp-content\/uploads\/2025\/03\/httpsmipatologadelhabla.comesservicios-600x105.png 600w\" sizes=\"auto, (max-width: 302px) 100vw, 302px\" \/><\/p>\n\n\n\t\t<\/div>\n\t\t\t\t\t<\/div>\n\n\t\n\n<\/div>\n<\/p>","protected":false},"excerpt":{"rendered":"","protected":false},"author":52,"featured_media":0,"parent":0,"menu_order":0,"comment_status":"closed","ping_status":"closed","template":"","meta":{"_editorskit_title_hidden":false,"_editorskit_reading_time":0,"_editorskit_is_block_options_detached":false,"_editorskit_block_options_position":"{}","slim_seo":{"title":"Pol\u00edtica de Reembolso - Mi Pat\u00f3loga del Habla","description":"Ori\u00e9ntate sobre nuestros T\u00e9rminos y Condiciones en Mi Pat\u00f3loga del Habla."},"footnotes":""},"class_list":["post-3904","page","type-page","status-publish","hentry"],"_links":{"self":[{"href":"https:\/\/mipatologadelhabla.com\/es\/wp-json\/wp\/v2\/pages\/3904","targetHints":{"allow":["GET"]}}],"collection":[{"href":"https:\/\/mipatologadelhabla.com\/es\/wp-json\/wp\/v2\/pages"}],"about":[{"href":"https:\/\/mipatologadelhabla.com\/es\/wp-json\/wp\/v2\/types\/page"}],"author":[{"embeddable":true,"href":"https:\/\/mipatologadelhabla.com\/es\/wp-json\/wp\/v2\/users\/52"}],"replies":[{"embeddable":true,"href":"https:\/\/mipatologadelhabla.com\/es\/wp-json\/wp\/v2\/comments?post=3904"}],"version-history":[{"count":5,"href":"https:\/\/mipatologadelhabla.com\/es\/wp-json\/wp\/v2\/pages\/3904\/revisions"}],"predecessor-version":[{"id":3916,"href":"https:\/\/mipatologadelhabla.com\/es\/wp-json\/wp\/v2\/pages\/3904\/revisions\/3916"}],"wp:attachment":[{"href":"https:\/\/mipatologadelhabla.com\/es\/wp-json\/wp\/v2\/media?parent=3904"}],"curies":[{"name":"wp","href":"https:\/\/api.w.org\/{rel}","templated":true}]}}