{"id":2897,"date":"2025-02-02T10:28:28","date_gmt":"2025-02-02T15:28:28","guid":{"rendered":"https:\/\/patologadelhabla.us12.cdn-alpha.com\/?page_id=2897"},"modified":"2025-05-03T10:39:33","modified_gmt":"2025-05-03T14:39:33","slug":"cursos","status":"publish","type":"page","link":"https:\/\/mipatologadelhabla.com\/es\/cursos\/","title":{"rendered":"Cursos"},"content":{"rendered":"<section class=\"section\" id=\"section_325450947\">\n\t\t<div class=\"section-bg fill\" >\n\t\t\t\t\t\t\t\t\t\n\t\t\t\n\n\t\t<\/div>\n\n\t\t\n\n\t\t<div class=\"section-content relative\">\n\t\t\t\n\n<div class=\"row\"  id=\"row-1828957562\">\n\n\n\t<div id=\"col-702437305\" class=\"col small-12 large-12\"  >\n\t\t\t\t<div class=\"col-inner text-center\"  >\n\t\t\t\n\t\t\t\n\n\n\n\n<div class=\"academy-search-form-wrap\">\n\t<form id=\"academy_search_form\" class=\"academy-search-form\" action=\"#\" method=\"post\" data-trp-original-action=\"#\">\t\n\t\t<div class=\"academy-search-form__field\">\n\t\t\t<input class=\"academy-search-form__field-input\" name=\"keyword\" type=\"text\" value=\"\" placeholder=\"Search Course\">\n\t\t\t<div class=\"academy-search-form__field-icon\"><span class=\"academy-icon academy-icon--search\" aria-hidden=\"true\"><\/span><\/div>\n\t\t<\/div>\n\t\t<div class=\"academy-search-form__results\"><\/div>\n\t<input type=\"hidden\" name=\"trp-form-language\" value=\"es\"\/><\/form>\n<\/div>\n\n\n\n\n<div class=\"academy-courses academy-courses--grid\" data-column_per_row=\"3\" data-count=\"6\"><div class=\"academy-courses__body\"><div class=\"academy-row\"><div class=\"academy-col-lg-4 academy-col-md-6 academy-col-sm-12\">\n\t<div class=\"academy-course\">\n\t\t<div class=\"academy-course__header\">\n\t\t\t<div class=\"academy-course__thumbnail\">\n\t\t<a href=\"https:\/\/mipatologadelhabla.com\/es\/courses\/enfoque-de-ciclos-intervencion-para-trastornos-fonologicos-severos-profundos\/\">\n\t\t\t<img decoding=\"async\" class=\"academy-course__thumbnail-image\" src=\"https:\/\/mipatologadelhabla.com\/wp-content\/uploads\/2025\/02\/son-looking-laptop-mom-1280x855.jpg\" alt=\"thumbnail\">\n\t\t<\/a>\n\t<\/div>\n\t<\/div>\n\n<div class=\"academy-course__body\">\n\t<p class=\"academy-course__meta academy-course__meta--category\"><a href=\"https:\/\/mipatologadelhabla.com\/es\/course-category\/cursos\/\">Cursos<\/a><\/p>\t<h4 class=\"academy-course__title\"><a href=\"https:\/\/mipatologadelhabla.com\/es\/courses\/enfoque-de-ciclos-intervencion-para-trastornos-fonologicos-severos-profundos\/\">Enfoque de Ciclos: Intervenci\u00f3n para Trastornos Fonol\u00f3gicos Severos-Profundos<\/a><\/h4>\n\t\t\t<div class=\"academy-course__author-meta academy-mt-4\">\n\t\t<div class=\"academy-course__author\">\n\t\t\t<span class=\"author\">BY -\t\t\t\t\t\t\t\t\tZoan Guti\u00e9rrez Ruiz, M.S., CCC-SLP\t\t\t\t\t\t\t<\/span>\n\t\t<\/div>\n\t<\/div>\n\t<\/div>\n<div class=\"academy-course__footer academy-d-flex academy-justify-content-between academy-align-items-center\">\n\t<div class=\"academy-course__price\">\n\tGratis<\/div>\n<\/div>\n\t<\/div>\n<\/div>\n<\/div><\/div><\/div>\n\n\n\t\t<\/div>\n\t\t\t\t\t<\/div>\n\n\t\n\n<\/div>\n\n\t\t<\/div>\n\n\t\t\n<style>\n#section_325450947 {\n  padding-top: 30px;\n  padding-bottom: 30px;\n}\n<\/style>\n\t<\/section>","protected":false},"excerpt":{"rendered":"","protected":false},"author":1,"featured_media":0,"parent":0,"menu_order":0,"comment_status":"closed","ping_status":"closed","template":"page-left-sidebar.php","meta":{"_editorskit_title_hidden":false,"_editorskit_reading_time":0,"_editorskit_is_block_options_detached":false,"_editorskit_block_options_position":"{}","slim_seo":{"title":"Enfoque de Ciclos: Intervenci\u00f3n para Trastornos Fonol\u00f3gicos Severos-Profundos - Mi Pat\u00f3loga del Habla","description":"Aprende a implementar el enfoque de ciclos de manera estructurada y efectiva para tratar trastornos fonol\u00f3gicos severos o profundos. En este curso virtual, no s"},"footnotes":""},"class_list":["post-2897","page","type-page","status-publish","hentry"],"_links":{"self":[{"href":"https:\/\/mipatologadelhabla.com\/es\/wp-json\/wp\/v2\/pages\/2897","targetHints":{"allow":["GET"]}}],"collection":[{"href":"https:\/\/mipatologadelhabla.com\/es\/wp-json\/wp\/v2\/pages"}],"about":[{"href":"https:\/\/mipatologadelhabla.com\/es\/wp-json\/wp\/v2\/types\/page"}],"author":[{"embeddable":true,"href":"https:\/\/mipatologadelhabla.com\/es\/wp-json\/wp\/v2\/users\/1"}],"replies":[{"embeddable":true,"href":"https:\/\/mipatologadelhabla.com\/es\/wp-json\/wp\/v2\/comments?post=2897"}],"version-history":[{"count":0,"href":"https:\/\/mipatologadelhabla.com\/es\/wp-json\/wp\/v2\/pages\/2897\/revisions"}],"wp:attachment":[{"href":"https:\/\/mipatologadelhabla.com\/es\/wp-json\/wp\/v2\/media?parent=2897"}],"curies":[{"name":"wp","href":"https:\/\/api.w.org\/{rel}","templated":true}]}}